{"id":573,"date":"2022-07-25T21:57:44","date_gmt":"2022-07-25T14:57:44","guid":{"rendered":"https:\/\/victoriaenglish.edu.vn\/?page_id=573"},"modified":"2024-04-02T04:43:39","modified_gmt":"2024-04-02T04:43:39","slug":"lien-he","status":"publish","type":"page","link":"https:\/\/duhocvictoria.edu.vn\/?page_id=573","title":{"rendered":"Li\u00ean H\u1ec7"},"content":{"rendered":"<p>[et_pb_section fb_built=&#8221;1&#8243; theme_builder_area=&#8221;post_content&#8221; _builder_version=&#8221;4.17.4&#8243; _module_preset=&#8221;default&#8221; use_background_color_gradient=&#8221;on&#8221; background_color_gradient_direction=&#8221;90deg&#8221; background_color_gradient_stops=&#8221;#07003a 0%|#91b1cd 100%&#8221; background_image=&#8221;https:\/\/duhocvictoria.edu.vn\/wp-content\/uploads\/2022\/07\/288663748_1118387435376432_2698904019177978200_n-2.jpg&#8221; background_blend=&#8221;multiply&#8221;][et_pb_row _builder_version=&#8221;4.17.4&#8243; _module_preset=&#8221;default&#8221; global_colors_info=&#8221;{}&#8221; locked=&#8221;off&#8221; theme_builder_area=&#8221;post_content&#8221;][et_pb_column type=&#8221;4_4&#8243; _builder_version=&#8221;4.17.4&#8243; _module_preset=&#8221;default&#8221; global_colors_info=&#8221;{}&#8221; theme_builder_area=&#8221;post_content&#8221;][dipl_breadcrumb breadcrumb_layout=&#8221;layout2&#8243; separator_type=&#8221;icon_separator&#8221; separator_icon=&#8221;&#x39;||divi||400&#8243; separator_color=&#8221;#FFFFFF&#8221; use_home_link_icon=&#8221;on&#8221; hide_home_text=&#8221;on&#8221; home_link_icon=&#8221;&#xe074;||divi||400&#8243; _builder_version=&#8221;4.17.4&#8243; _module_preset=&#8221;default&#8221; text_text_color=&#8221;#FFFFFF&#8221; global_colors_info=&#8221;{}&#8221; theme_builder_area=&#8221;post_content&#8221;][\/dipl_breadcrumb][et_pb_text _builder_version=&#8221;4.17.4&#8243; _module_preset=&#8221;default&#8221; text_text_color=&#8221;#FFFFFF&#8221; header_font=&#8221;Arimo|700||on|||||&#8221; header_text_color=&#8221;#FFFFFF&#8221; hover_enabled=&#8221;0&#8243; global_colors_info=&#8221;{}&#8221; theme_builder_area=&#8221;post_content&#8221; sticky_enabled=&#8221;0&#8243;]<\/p>\n<h1>Li\u00ean h\u1ec7 t\u01b0 v\u1ea5n<\/h1>\n<p>B\u00e0i vi\u1ebft chia s\u1ebb &amp; th\u00f4ng tin h\u1eefu \u00edch gi\u00fap c\u00e1c b\u1ea1n h\u1ecdc ngo\u1ea1i ng\u1eef hi\u1ec7u qu\u1ea3 h\u01a1n<\/p>\n<p>[\/et_pb_text][\/et_pb_column][\/et_pb_row][\/et_pb_section][et_pb_section fb_built=&#8221;1&#8243; theme_builder_area=&#8221;post_content&#8221; _builder_version=&#8221;4.17.4&#8243; _module_preset=&#8221;default&#8221;][et_pb_row _builder_version=&#8221;4.17.4&#8243; _module_preset=&#8221;default&#8221; theme_builder_area=&#8221;post_content&#8221; column_structure=&#8221;1_2,1_2&#8243;][et_pb_column _builder_version=&#8221;4.17.4&#8243; _module_preset=&#8221;default&#8221; type=&#8221;1_2&#8243; theme_builder_area=&#8221;post_content&#8221;][dsm_image_carousel _builder_version=&#8221;4.17.4&#8243; _module_preset=&#8221;default&#8221; theme_builder_area=&#8221;post_content&#8221; gallery_ids=&#8221;375,201,236,199,200,198&#8243; slider_effect=&#8221;cube&#8221; autoplay_speed=&#8221;6000&#8243; speed=&#8221;500&#8243; hover_enabled=&#8221;0&#8243; sticky_enabled=&#8221;0&#8243; border_radii_image=&#8221;on|8px|8px|8px|8px&#8221; arrow_position=&#8221;inside&#8221; arrow_background_color=&#8221;#FFFFFF&#8221;][\/dsm_image_carousel][\/et_pb_column][et_pb_column _builder_version=&#8221;4.17.4&#8243; _module_preset=&#8221;default&#8221; type=&#8221;1_2&#8243; theme_builder_area=&#8221;post_content&#8221;][et_pb_text _builder_version=&#8221;4.17.4&#8243; _module_preset=&#8221;default&#8221; theme_builder_area=&#8221;post_content&#8221; hover_enabled=&#8221;0&#8243; sticky_enabled=&#8221;0&#8243;]<\/p>\n<p>Your content goes here. Edit or remove this text inline or in the module Content settings. You can also style every aspect of this content in the module Design settings and even apply custom CSS to this text in the module Advanced settings.<\/p>\n<p>[\/et_pb_text][wpforms_selector _builder_version=&#8221;4.17.4&#8243; _module_preset=&#8221;default&#8221; theme_builder_area=&#8221;post_content&#8221; form_id=&#8221;299&#8243; show_title=&#8221;off&#8221; show_desc=&#8221;off&#8221; hover_enabled=&#8221;0&#8243; sticky_enabled=&#8221;0&#8243;][\/wpforms_selector][\/et_pb_column][\/et_pb_row][\/et_pb_section]<\/p>\n","protected":false},"excerpt":{"rendered":"<p><div class=\"et_pb_module dipl_breadcrumb dipl_breadcrumb_0\">\n\t\t\t\t\n\t\t\t\t\n\t\t\t\t\n\t\t\t\t\n\t\t\t\t\n\t\t\t\t\n\t\t\t\t<div class=\"et_pb_module_inner\">\n\t\t\t\t\t<div class=\"dipl-breadcrumb-wrapper layout2\">\n\t\t\t\t<ol class=\"dipl-breadcrumb-inner\" vocab=\"https:\/\/schema.org\/\" typeof=\"BreadcrumbList\">\n\t\t\t\t\t<li property=\"itemListElement\" typeof=\"ListItem\" data-icon=\"&#x39;\">\n\t\t\t\t\t\t\t\t<a class=\"breadcrumb-item dipl-home-page\" href=\"https:\/\/duhocvictoria.edu.vn\" property=\"item\" typeof=\"WebPage\" >\n\t\t\t\t\t\t\t\t\t<span class=\"breadcrumb-page\" property=\"name\">\n\t\t\t\t\t\t\t\t\t\t<span class=\"breadcrumb-home-icon et-pb-icon\">&#xe074;<\/span>\n\t\t\t\t\t\t\t\t\t<\/span>\n\t\t\t\t\t\t\t\t<\/a>\n\t\t\t\t\t\t\t\t<meta property=\"position\" content=\"1\" \/>\n\t\t\t\t\t\t\t<\/li>\n\t\t\t\t<\/ol>\n\t\t\t<\/div>\n\t\t\t\t<\/div>\n\t\t\t<\/div>Li\u00ean h\u1ec7 t\u01b0 v\u1ea5n B\u00e0i vi\u1ebft chia s\u1ebb &amp; th\u00f4ng tin h\u1eefu \u00edch gi\u00fap c\u00e1c b\u1ea1n h\u1ecdc ngo\u1ea1i ng\u1eef hi\u1ec7u qu\u1ea3 h\u01a1n<div class=\"et_pb_module dsm_image_carousel dsm_image_carousel_0 dsm_image_carousel_arrow_inside dsm_image_carousel_arrow_mobile_inside \">\n\t\t\t\t\n\t\t\t\t\n\t\t\t\t\n\t\t\t\t\n\t\t\t\t\n\t\t\t\t\n\t\t\t\t<div class=\"et_pb_module_inner\">\n\t\t\t\t\t<div class=\"swiper-container dsm_image_carousel_container\" dir=\"ltr\" data-params=[{\"effect\":\"cube\",\"slider_effect_shadows\":false,\"slider_effect_coverflow_rotate\":\"30\",\"slider_effect_coverflow_depth\":\"0\",\"loop\":true,\"slide_to_show\":\"4\",\"slide_to_show_tablet\":\"1\",\"slide_to_show_phone\":\"1\",\"slide_to_scroll\":\"1\",\"slide_to_scroll_tablet\":\"1\",\"slide_to_scroll_phone\":\"1\",\"space_between\":\"0\",\"space_between_tablet\":\"0\",\"space_between_phone\":\"0\",\"slide_row\":\"1\",\"centered_slides\":false,\"speed\":\"500\",\"autoplay\":true,\"autoplay_speed\":\"6000\",\"touch_move\":true,\"grab\":true,\"pause_on_hover\":false,\"show_lightbox\":false,\"lightbox_gallery\":\"false\",\"lightbox_caption\":\"false\",\"infinite_scrolling\":\"false\"}]><div class=\"swiper-wrapper\"><div class=\"swiper-slide dsm_image_carousel_item\"><img loading=\"lazy\" decoding=\"async\" src=\"https:\/\/duhocvictoria.edu.vn\/wp-content\/uploads\/2022\/07\/291375568_1124988784716297_7116885259384795338_n.jpg\" alt=\"\" title=\"291375568_1124988784716297_7116885259384795338_n\" width=\"2048\" height=\"1536\" data-dsm-image-description=\"\" srcset=\"https:\/\/duhocvictoria.edu.vn\/wp-content\/uploads\/2022\/07\/291375568_1124988784716297_7116885259384795338_n.jpg 2048w, https:\/\/duhocvictoria.edu.vn\/wp-content\/uploads\/2022\/07\/291375568_1124988784716297_7116885259384795338_n-1280x960.jpg 1280w, https:\/\/duhocvictoria.edu.vn\/wp-content\/uploads\/2022\/07\/291375568_1124988784716297_7116885259384795338_n-980x735.jpg 980w, https:\/\/duhocvictoria.edu.vn\/wp-content\/uploads\/2022\/07\/291375568_1124988784716297_7116885259384795338_n-480x360.jpg 480w\" sizes=\"(min-width: 0px) and (max-width: 480px) 480px, (min-width: 481px) and (max-width: 980px) 980px, (min-width: 981px) and (max-width: 1280px) 1280px, (min-width: 1281px) 2048px, 100vw\" class=\"swiper-lazy\" \/><\/div><div class=\"swiper-slide dsm_image_carousel_item\"><img loading=\"lazy\" decoding=\"async\" src=\"https:\/\/duhocvictoria.edu.vn\/wp-content\/uploads\/2022\/06\/289828458_1120382335176942_6902185475340630930_n.jpg\" alt=\"\" title=\"289828458_1120382335176942_6902185475340630930_n\" width=\"2048\" height=\"1364\" data-dsm-image-description=\"\" srcset=\"https:\/\/duhocvictoria.edu.vn\/wp-content\/uploads\/2022\/06\/289828458_1120382335176942_6902185475340630930_n.jpg 2048w, https:\/\/duhocvictoria.edu.vn\/wp-content\/uploads\/2022\/06\/289828458_1120382335176942_6902185475340630930_n-1280x853.jpg 1280w, https:\/\/duhocvictoria.edu.vn\/wp-content\/uploads\/2022\/06\/289828458_1120382335176942_6902185475340630930_n-980x653.jpg 980w, https:\/\/duhocvictoria.edu.vn\/wp-content\/uploads\/2022\/06\/289828458_1120382335176942_6902185475340630930_n-480x320.jpg 480w\" sizes=\"(min-width: 0px) and (max-width: 480px) 480px, (min-width: 481px) and (max-width: 980px) 980px, (min-width: 981px) and (max-width: 1280px) 1280px, (min-width: 1281px) 2048px, 100vw\" class=\"swiper-lazy\" \/><\/div><div class=\"swiper-slide dsm_image_carousel_item\"><img loading=\"lazy\" decoding=\"async\" src=\"https:\/\/duhocvictoria.edu.vn\/wp-content\/uploads\/2022\/06\/277580455_1071158343432675_2983914640012642832_n.jpg\" alt=\"\" title=\"277580455_1071158343432675_2983914640012642832_n\" width=\"1680\" height=\"640\" data-dsm-image-description=\"\" srcset=\"https:\/\/duhocvictoria.edu.vn\/wp-content\/uploads\/2022\/06\/277580455_1071158343432675_2983914640012642832_n.jpg 1680w, https:\/\/duhocvictoria.edu.vn\/wp-content\/uploads\/2022\/06\/277580455_1071158343432675_2983914640012642832_n-1280x488.jpg 1280w, https:\/\/duhocvictoria.edu.vn\/wp-content\/uploads\/2022\/06\/277580455_1071158343432675_2983914640012642832_n-980x373.jpg 980w, https:\/\/duhocvictoria.edu.vn\/wp-content\/uploads\/2022\/06\/277580455_1071158343432675_2983914640012642832_n-480x183.jpg 480w\" sizes=\"(min-width: 0px) and (max-width: 480px) 480px, (min-width: 481px) and (max-width: 980px) 980px, (min-width: 981px) and (max-width: 1280px) 1280px, (min-width: 1281px) 1680px, 100vw\" class=\"swiper-lazy\" \/><\/div><div class=\"swiper-slide dsm_image_carousel_item\"><img loading=\"lazy\" decoding=\"async\" src=\"https:\/\/duhocvictoria.edu.vn\/wp-content\/uploads\/2022\/06\/289490369_2198439293649437_4780625203203617597_n.jpg\" alt=\"\" title=\"289490369_2198439293649437_4780625203203617597_n\" width=\"960\" height=\"640\" data-dsm-image-description=\"\" srcset=\"https:\/\/duhocvictoria.edu.vn\/wp-content\/uploads\/2022\/06\/289490369_2198439293649437_4780625203203617597_n.jpg 960w, https:\/\/duhocvictoria.edu.vn\/wp-content\/uploads\/2022\/06\/289490369_2198439293649437_4780625203203617597_n-480x320.jpg 480w\" sizes=\"(min-width: 0px) and (max-width: 480px) 480px, (min-width: 481px) 960px, 100vw\" class=\"swiper-lazy\" \/><\/div><div class=\"swiper-slide dsm_image_carousel_item\"><img loading=\"lazy\" decoding=\"async\" src=\"https:\/\/duhocvictoria.edu.vn\/wp-content\/uploads\/2022\/06\/289686440_1124172394797936_4640050032503354762_n.jpg\" alt=\"\" title=\"289686440_1124172394797936_4640050032503354762_n\" width=\"2048\" height=\"1152\" data-dsm-image-description=\"\" srcset=\"https:\/\/duhocvictoria.edu.vn\/wp-content\/uploads\/2022\/06\/289686440_1124172394797936_4640050032503354762_n.jpg 2048w, https:\/\/duhocvictoria.edu.vn\/wp-content\/uploads\/2022\/06\/289686440_1124172394797936_4640050032503354762_n-1280x720.jpg 1280w, https:\/\/duhocvictoria.edu.vn\/wp-content\/uploads\/2022\/06\/289686440_1124172394797936_4640050032503354762_n-980x551.jpg 980w, https:\/\/duhocvictoria.edu.vn\/wp-content\/uploads\/2022\/06\/289686440_1124172394797936_4640050032503354762_n-480x270.jpg 480w\" sizes=\"(min-width: 0px) and (max-width: 480px) 480px, (min-width: 481px) and (max-width: 980px) 980px, (min-width: 981px) and (max-width: 1280px) 1280px, (min-width: 1281px) 2048px, 100vw\" class=\"swiper-lazy\" \/><\/div><div class=\"swiper-slide dsm_image_carousel_item\"><img loading=\"lazy\" decoding=\"async\" src=\"https:\/\/duhocvictoria.edu.vn\/wp-content\/uploads\/2022\/06\/289015021_2198439380316095_2522360866377887143_n.jpg\" alt=\"\" title=\"289015021_2198439380316095_2522360866377887143_n\" width=\"960\" height=\"640\" data-dsm-image-description=\"\" srcset=\"https:\/\/duhocvictoria.edu.vn\/wp-content\/uploads\/2022\/06\/289015021_2198439380316095_2522360866377887143_n.jpg 960w, https:\/\/duhocvictoria.edu.vn\/wp-content\/uploads\/2022\/06\/289015021_2198439380316095_2522360866377887143_n-480x320.jpg 480w\" sizes=\"(min-width: 0px) and (max-width: 480px) 480px, (min-width: 481px) 960px, 100vw\" class=\"swiper-lazy\" \/><\/div><\/div><\/div><div class=\"swiper-button-prev\"><\/div><div class=\"swiper-button-next\"><\/div><div class=\"swiper-pagination\"><\/div>\n\t\t\t\t<\/div>\n\t\t\t<\/div>Your content goes here. Edit or remove this text inline [&hellip;]<\/p>\n","protected":false},"author":1,"featured_media":0,"parent":554,"menu_order":0,"comment_status":"closed","ping_status":"closed","template":"","meta":{"_et_pb_use_builder":"on","_et_pb_old_content":"<!-- wp:divi\/placeholder \/-->","_et_gb_content_width":"","footnotes":""},"class_list":["post-573","page","type-page","status-publish","hentry"],"_links":{"self":[{"href":"https:\/\/duhocvictoria.edu.vn\/index.php?rest_route=\/wp\/v2\/pages\/573","targetHints":{"allow":["GET"]}}],"collection":[{"href":"https:\/\/duhocvictoria.edu.vn\/index.php?rest_route=\/wp\/v2\/pages"}],"about":[{"href":"https:\/\/duhocvictoria.edu.vn\/index.php?rest_route=\/wp\/v2\/types\/page"}],"author":[{"embeddable":true,"href":"https:\/\/duhocvictoria.edu.vn\/index.php?rest_route=\/wp\/v2\/users\/1"}],"replies":[{"embeddable":true,"href":"https:\/\/duhocvictoria.edu.vn\/index.php?rest_route=%2Fwp%2Fv2%2Fcomments&post=573"}],"version-history":[{"count":1,"href":"https:\/\/duhocvictoria.edu.vn\/index.php?rest_route=\/wp\/v2\/pages\/573\/revisions"}],"predecessor-version":[{"id":1048,"href":"https:\/\/duhocvictoria.edu.vn\/index.php?rest_route=\/wp\/v2\/pages\/573\/revisions\/1048"}],"up":[{"embeddable":true,"href":"https:\/\/duhocvictoria.edu.vn\/index.php?rest_route=\/wp\/v2\/pages\/554"}],"wp:attachment":[{"href":"https:\/\/duhocvictoria.edu.vn\/index.php?rest_route=%2Fwp%2Fv2%2Fmedia&parent=573"}],"curies":[{"name":"wp","href":"https:\/\/api.w.org\/{rel}","templated":true}]}}